{"id":17,"date":"2017-10-24T16:09:58","date_gmt":"2017-10-24T16:09:58","guid":{"rendered":"http:\/\/hof-haurup.de\/?page_id=17"},"modified":"2025-04-03T18:54:12","modified_gmt":"2025-04-03T18:54:12","slug":"unsere-tiere","status":"publish","type":"page","link":"http:\/\/hof-haurup.de\/?page_id=17","title":{"rendered":"Unsere Stallgemeinschaft"},"content":{"rendered":"<p>Bei uns leben Ponys und Pferde. Sie leben im nat\u00fcrlichen Herdenverband und d\u00fcrfen auf den Koppeln einfach nach Lust und Laune toben.<\/p>\n<p>5 Offenst\u00e4lle sorgen f\u00fcr einen tiergerechten Unterstand. F\u00fcr \u00e4ltere Tiere gibt es nat\u00fcrlich die M\u00f6glichkeit in einer Box zu stehen. Sie werden morgens auf das Paddock gef\u00fchrt und abends wieder in die Box gef\u00fchrt. Sie k\u00f6nnen dann in ihrer Box&nbsp; in Ruhe ihr Heu und Futter zu sich nehmen.<\/p>\n<p style=\"padding-left: 30px;\">\n\n\n<figure class=\"wp-block-gallery has-nested-images columns-default is-cropped wp-block-gallery-1 is-layout-flex wp-block-gallery-is-layout-flex\">\n<figure class=\"wp-block-image size-large\"><img loading=\"lazy\" decoding=\"async\" width=\"1365\" height=\"2048\" data-id=\"552\" src=\"http:\/\/hof-haurup.de\/wp-content\/uploads\/2022\/03\/IMG-20220320-WA0160.jpg\" alt=\"\" class=\"wp-image-552\" srcset=\"http:\/\/hof-haurup.de\/wp-content\/uploads\/2022\/03\/IMG-20220320-WA0160.jpg 1365w, http:\/\/hof-haurup.de\/wp-content\/uploads\/2022\/03\/IMG-20220320-WA0160-200x300.jpg 200w, http:\/\/hof-haurup.de\/wp-content\/uploads\/2022\/03\/IMG-20220320-WA0160-683x1024.jpg 683w, http:\/\/hof-haurup.de\/wp-content\/uploads\/2022\/03\/IMG-20220320-WA0160-768x1152.jpg 768w, http:\/\/hof-haurup.de\/wp-content\/uploads\/2022\/03\/IMG-20220320-WA0160-1024x1536.jpg 1024w, http:\/\/hof-haurup.de\/wp-content\/uploads\/2022\/03\/IMG-20220320-WA0160-1200x1800.jpg 1200w, http:\/\/hof-haurup.de\/wp-content\/uploads\/2022\/03\/IMG-20220320-WA0160-133x200.jpg 133w, http:\/\/hof-haurup.de\/wp-content\/uploads\/2022\/03\/IMG-20220320-WA0160-283x425.jpg 283w\" sizes=\"(max-width: 1365px) 100vw, 1365px\" \/><figcaption class=\"wp-element-caption\">Nadine mit Ihrem Wallach Adulio<\/figcaption><\/figure>\n\n\n\n<figure class=\"wp-block-image size-large\"><img loading=\"lazy\" decoding=\"async\" width=\"900\" height=\"1600\" data-id=\"543\" src=\"http:\/\/hof-haurup.de\/wp-content\/uploads\/2022\/03\/IMG-20220320-WA0151.jpg\" alt=\"\" class=\"wp-image-543\" srcset=\"http:\/\/hof-haurup.de\/wp-content\/uploads\/2022\/03\/IMG-20220320-WA0151.jpg 900w, http:\/\/hof-haurup.de\/wp-content\/uploads\/2022\/03\/IMG-20220320-WA0151-169x300.jpg 169w, http:\/\/hof-haurup.de\/wp-content\/uploads\/2022\/03\/IMG-20220320-WA0151-576x1024.jpg 576w, http:\/\/hof-haurup.de\/wp-content\/uploads\/2022\/03\/IMG-20220320-WA0151-768x1365.jpg 768w, http:\/\/hof-haurup.de\/wp-content\/uploads\/2022\/03\/IMG-20220320-WA0151-864x1536.jpg 864w, http:\/\/hof-haurup.de\/wp-content\/uploads\/2022\/03\/IMG-20220320-WA0151-113x200.jpg 113w, http:\/\/hof-haurup.de\/wp-content\/uploads\/2022\/03\/IMG-20220320-WA0151-239x425.jpg 239w\" sizes=\"(max-width: 900px) 100vw, 900px\" \/><figcaption class=\"wp-element-caption\">Caro mit Ihrem Wallach Campari<\/figcaption><\/figure>\n\n\n\n<figure class=\"wp-block-image size-large\"><img loading=\"lazy\" decoding=\"async\" width=\"968\" height=\"1600\" data-id=\"535\" src=\"http:\/\/hof-haurup.de\/wp-content\/uploads\/2022\/03\/IMG-20220320-WA0141.jpg\" alt=\"\" class=\"wp-image-535\" srcset=\"http:\/\/hof-haurup.de\/wp-content\/uploads\/2022\/03\/IMG-20220320-WA0141.jpg 968w, http:\/\/hof-haurup.de\/wp-content\/uploads\/2022\/03\/IMG-20220320-WA0141-182x300.jpg 182w, http:\/\/hof-haurup.de\/wp-content\/uploads\/2022\/03\/IMG-20220320-WA0141-620x1024.jpg 620w, http:\/\/hof-haurup.de\/wp-content\/uploads\/2022\/03\/IMG-20220320-WA0141-768x1269.jpg 768w, http:\/\/hof-haurup.de\/wp-content\/uploads\/2022\/03\/IMG-20220320-WA0141-929x1536.jpg 929w, http:\/\/hof-haurup.de\/wp-content\/uploads\/2022\/03\/IMG-20220320-WA0141-121x200.jpg 121w, http:\/\/hof-haurup.de\/wp-content\/uploads\/2022\/03\/IMG-20220320-WA0141-257x425.jpg 257w\" sizes=\"(max-width: 968px) 100vw, 968px\" \/><figcaption class=\"wp-element-caption\">Anna mit Ihrer Stute Karmina<\/figcaption><\/figure>\n\n\n\n<figure class=\"wp-block-image size-large\"><img loading=\"lazy\" decoding=\"async\" width=\"1534\" height=\"2048\" data-id=\"553\" src=\"http:\/\/hof-haurup.de\/wp-content\/uploads\/2022\/03\/IMG-20220320-WA0162.jpg\" alt=\"\" class=\"wp-image-553\" srcset=\"http:\/\/hof-haurup.de\/wp-content\/uploads\/2022\/03\/IMG-20220320-WA0162.jpg 1534w, http:\/\/hof-haurup.de\/wp-content\/uploads\/2022\/03\/IMG-20220320-WA0162-225x300.jpg 225w, http:\/\/hof-haurup.de\/wp-content\/uploads\/2022\/03\/IMG-20220320-WA0162-767x1024.jpg 767w, http:\/\/hof-haurup.de\/wp-content\/uploads\/2022\/03\/IMG-20220320-WA0162-768x1025.jpg 768w, http:\/\/hof-haurup.de\/wp-content\/uploads\/2022\/03\/IMG-20220320-WA0162-1151x1536.jpg 1151w, http:\/\/hof-haurup.de\/wp-content\/uploads\/2022\/03\/IMG-20220320-WA0162-1200x1602.jpg 1200w, http:\/\/hof-haurup.de\/wp-content\/uploads\/2022\/03\/IMG-20220320-WA0162-150x200.jpg 150w, http:\/\/hof-haurup.de\/wp-content\/uploads\/2022\/03\/IMG-20220320-WA0162-318x425.jpg 318w\" sizes=\"(max-width: 1534px) 100vw, 1534px\" \/><figcaption class=\"wp-element-caption\">Nadine mit Ihrem Wallach Gitano<\/figcaption><\/figure>\n\n\n\n<figure class=\"wp-block-image size-large\"><img loading=\"lazy\" decoding=\"async\" width=\"1365\" height=\"2048\" data-id=\"530\" src=\"http:\/\/hof-haurup.de\/wp-content\/uploads\/2022\/03\/IMG-20220320-WA0136.jpg\" alt=\"\" class=\"wp-image-530\" srcset=\"http:\/\/hof-haurup.de\/wp-content\/uploads\/2022\/03\/IMG-20220320-WA0136.jpg 1365w, http:\/\/hof-haurup.de\/wp-content\/uploads\/2022\/03\/IMG-20220320-WA0136-200x300.jpg 200w, http:\/\/hof-haurup.de\/wp-content\/uploads\/2022\/03\/IMG-20220320-WA0136-683x1024.jpg 683w, http:\/\/hof-haurup.de\/wp-content\/uploads\/2022\/03\/IMG-20220320-WA0136-768x1152.jpg 768w, http:\/\/hof-haurup.de\/wp-content\/uploads\/2022\/03\/IMG-20220320-WA0136-1024x1536.jpg 1024w, http:\/\/hof-haurup.de\/wp-content\/uploads\/2022\/03\/IMG-20220320-WA0136-1200x1800.jpg 1200w, http:\/\/hof-haurup.de\/wp-content\/uploads\/2022\/03\/IMG-20220320-WA0136-133x200.jpg 133w, http:\/\/hof-haurup.de\/wp-content\/uploads\/2022\/03\/IMG-20220320-WA0136-283x425.jpg 283w\" sizes=\"(max-width: 1365px) 100vw, 1365px\" \/><figcaption class=\"wp-element-caption\">Mela mit Ihrem Wallach Rakkad<\/figcaption><\/figure>\n\n\n\n<figure class=\"wp-block-image size-large\"><img loading=\"lazy\" decoding=\"async\" width=\"1024\" height=\"684\" data-id=\"602\" src=\"http:\/\/hof-haurup.de\/wp-content\/uploads\/2022\/09\/DSC_0063-1024x684.jpg\" alt=\"\" class=\"wp-image-602\" srcset=\"http:\/\/hof-haurup.de\/wp-content\/uploads\/2022\/09\/DSC_0063-1024x684.jpg 1024w, http:\/\/hof-haurup.de\/wp-content\/uploads\/2022\/09\/DSC_0063-300x201.jpg 300w, http:\/\/hof-haurup.de\/wp-content\/uploads\/2022\/09\/DSC_0063-768x513.jpg 768w, http:\/\/hof-haurup.de\/wp-content\/uploads\/2022\/09\/DSC_0063-1536x1027.jpg 1536w, http:\/\/hof-haurup.de\/wp-content\/uploads\/2022\/09\/DSC_0063-2048x1369.jpg 2048w, http:\/\/hof-haurup.de\/wp-content\/uploads\/2022\/09\/DSC_0063-1200x802.jpg 1200w, http:\/\/hof-haurup.de\/wp-content\/uploads\/2022\/09\/DSC_0063-299x200.jpg 299w, http:\/\/hof-haurup.de\/wp-content\/uploads\/2022\/09\/DSC_0063-636x425.jpg 636w\" sizes=\"(max-width: 1024px) 100vw, 1024px\" \/><figcaption class=\"wp-element-caption\">Sarah mit Ihrer Stute Minou<\/figcaption><\/figure>\n\n\n\n<figure class=\"wp-block-image size-large\"><img loading=\"lazy\" decoding=\"async\" width=\"2326\" height=\"1489\" data-id=\"519\" src=\"http:\/\/hof-haurup.de\/wp-content\/uploads\/2022\/03\/20180524_155356-1.jpg\" alt=\"\" class=\"wp-image-519\" srcset=\"http:\/\/hof-haurup.de\/wp-content\/uploads\/2022\/03\/20180524_155356-1.jpg 2326w, http:\/\/hof-haurup.de\/wp-content\/uploads\/2022\/03\/20180524_155356-1-300x192.jpg 300w, http:\/\/hof-haurup.de\/wp-content\/uploads\/2022\/03\/20180524_155356-1-1024x656.jpg 1024w, http:\/\/hof-haurup.de\/wp-content\/uploads\/2022\/03\/20180524_155356-1-768x492.jpg 768w, http:\/\/hof-haurup.de\/wp-content\/uploads\/2022\/03\/20180524_155356-1-1536x983.jpg 1536w, http:\/\/hof-haurup.de\/wp-content\/uploads\/2022\/03\/20180524_155356-1-2048x1311.jpg 2048w, http:\/\/hof-haurup.de\/wp-content\/uploads\/2022\/03\/20180524_155356-1-1200x768.jpg 1200w, http:\/\/hof-haurup.de\/wp-content\/uploads\/2022\/03\/20180524_155356-1-312x200.jpg 312w, http:\/\/hof-haurup.de\/wp-content\/uploads\/2022\/03\/20180524_155356-1-664x425.jpg 664w\" sizes=\"(max-width: 2326px) 100vw, 2326px\" \/><figcaption class=\"wp-element-caption\">Susi mit Ihrem Wallach Bobby<\/figcaption><\/figure>\n\n\n\n<figure class=\"wp-block-image size-large\"><img loading=\"lazy\" decoding=\"async\" width=\"776\" height=\"814\" data-id=\"523\" src=\"http:\/\/hof-haurup.de\/wp-content\/uploads\/2022\/03\/IMG-20220320-WA0128.jpg\" alt=\"\" class=\"wp-image-523\" srcset=\"http:\/\/hof-haurup.de\/wp-content\/uploads\/2022\/03\/IMG-20220320-WA0128.jpg 776w, http:\/\/hof-haurup.de\/wp-content\/uploads\/2022\/03\/IMG-20220320-WA0128-286x300.jpg 286w, http:\/\/hof-haurup.de\/wp-content\/uploads\/2022\/03\/IMG-20220320-WA0128-768x806.jpg 768w, http:\/\/hof-haurup.de\/wp-content\/uploads\/2022\/03\/IMG-20220320-WA0128-191x200.jpg 191w, http:\/\/hof-haurup.de\/wp-content\/uploads\/2022\/03\/IMG-20220320-WA0128-405x425.jpg 405w\" sizes=\"(max-width: 776px) 100vw, 776px\" \/><figcaption class=\"wp-element-caption\">Sarah mit Ihrem Wallach Bandolero<\/figcaption><\/figure>\n\n\n\n<figure class=\"wp-block-image size-large\"><img loading=\"lazy\" decoding=\"async\" width=\"1350\" height=\"900\" data-id=\"522\" src=\"http:\/\/hof-haurup.de\/wp-content\/uploads\/2022\/03\/IMG-20220320-WA0127.jpg\" alt=\"\" class=\"wp-image-522\" srcset=\"http:\/\/hof-haurup.de\/wp-content\/uploads\/2022\/03\/IMG-20220320-WA0127.jpg 1350w, http:\/\/hof-haurup.de\/wp-content\/uploads\/2022\/03\/IMG-20220320-WA0127-300x200.jpg 300w, http:\/\/hof-haurup.de\/wp-content\/uploads\/2022\/03\/IMG-20220320-WA0127-1024x683.jpg 1024w, http:\/\/hof-haurup.de\/wp-content\/uploads\/2022\/03\/IMG-20220320-WA0127-768x512.jpg 768w, http:\/\/hof-haurup.de\/wp-content\/uploads\/2022\/03\/IMG-20220320-WA0127-1200x800.jpg 1200w, http:\/\/hof-haurup.de\/wp-content\/uploads\/2022\/03\/IMG-20220320-WA0127-638x425.jpg 638w\" sizes=\"(max-width: 1350px) 100vw, 1350px\" \/><figcaption class=\"wp-element-caption\">Eliya mit Ihrem Wallach Bandolero<\/figcaption><\/figure>\n\n\n\n<figure class=\"wp-block-image size-large\"><img loading=\"lazy\" decoding=\"async\" width=\"448\" height=\"741\" data-id=\"545\" src=\"http:\/\/hof-haurup.de\/wp-content\/uploads\/2022\/03\/IMG-20220320-WA0153-1.jpg\" alt=\"\" class=\"wp-image-545\" srcset=\"http:\/\/hof-haurup.de\/wp-content\/uploads\/2022\/03\/IMG-20220320-WA0153-1.jpg 448w, http:\/\/hof-haurup.de\/wp-content\/uploads\/2022\/03\/IMG-20220320-WA0153-1-181x300.jpg 181w, http:\/\/hof-haurup.de\/wp-content\/uploads\/2022\/03\/IMG-20220320-WA0153-1-121x200.jpg 121w, http:\/\/hof-haurup.de\/wp-content\/uploads\/2022\/03\/IMG-20220320-WA0153-1-257x425.jpg 257w\" sizes=\"(max-width: 448px) 100vw, 448px\" \/><figcaption class=\"wp-element-caption\">Nissi mit Ihrer Stute Cleo<\/figcaption><\/figure>\n\n\n\n<figure class=\"wp-block-image size-large\"><img loading=\"lazy\" decoding=\"async\" width=\"744\" height=\"1424\" data-id=\"561\" src=\"http:\/\/hof-haurup.de\/wp-content\/uploads\/2022\/03\/IMG-20220320-WA0170.jpg\" alt=\"\" class=\"wp-image-561\" srcset=\"http:\/\/hof-haurup.de\/wp-content\/uploads\/2022\/03\/IMG-20220320-WA0170.jpg 744w, http:\/\/hof-haurup.de\/wp-content\/uploads\/2022\/03\/IMG-20220320-WA0170-157x300.jpg 157w, http:\/\/hof-haurup.de\/wp-content\/uploads\/2022\/03\/IMG-20220320-WA0170-535x1024.jpg 535w, http:\/\/hof-haurup.de\/wp-content\/uploads\/2022\/03\/IMG-20220320-WA0170-104x200.jpg 104w, http:\/\/hof-haurup.de\/wp-content\/uploads\/2022\/03\/IMG-20220320-WA0170-222x425.jpg 222w\" sizes=\"(max-width: 744px) 100vw, 744px\" \/><figcaption class=\"wp-element-caption\">Nadine mit Ihrer Stute Gipsy<\/figcaption><\/figure>\n\n\n\n<figure class=\"wp-block-image size-large\"><img loading=\"lazy\" decoding=\"async\" width=\"2048\" height=\"1368\" data-id=\"576\" src=\"http:\/\/hof-haurup.de\/wp-content\/uploads\/2022\/03\/IMG-20220320-WA0187.jpg\" alt=\"\" class=\"wp-image-576\" srcset=\"http:\/\/hof-haurup.de\/wp-content\/uploads\/2022\/03\/IMG-20220320-WA0187.jpg 2048w, http:\/\/hof-haurup.de\/wp-content\/uploads\/2022\/03\/IMG-20220320-WA0187-300x200.jpg 300w, http:\/\/hof-haurup.de\/wp-content\/uploads\/2022\/03\/IMG-20220320-WA0187-1024x684.jpg 1024w, http:\/\/hof-haurup.de\/wp-content\/uploads\/2022\/03\/IMG-20220320-WA0187-768x513.jpg 768w, http:\/\/hof-haurup.de\/wp-content\/uploads\/2022\/03\/IMG-20220320-WA0187-1536x1026.jpg 1536w, http:\/\/hof-haurup.de\/wp-content\/uploads\/2022\/03\/IMG-20220320-WA0187-1200x802.jpg 1200w, http:\/\/hof-haurup.de\/wp-content\/uploads\/2022\/03\/IMG-20220320-WA0187-299x200.jpg 299w, http:\/\/hof-haurup.de\/wp-content\/uploads\/2022\/03\/IMG-20220320-WA0187-636x425.jpg 636w\" sizes=\"(max-width: 2048px) 100vw, 2048px\" \/><figcaption class=\"wp-element-caption\">Anneke mit Ihrer Stute Anun<\/figcaption><\/figure>\n\n\n\n<figure class=\"wp-block-image size-large\"><img loading=\"lazy\" decoding=\"async\" width=\"2048\" height=\"1368\" data-id=\"575\" src=\"http:\/\/hof-haurup.de\/wp-content\/uploads\/2022\/03\/IMG-20220320-WA0186.jpg\" alt=\"\" class=\"wp-image-575\" srcset=\"http:\/\/hof-haurup.de\/wp-content\/uploads\/2022\/03\/IMG-20220320-WA0186.jpg 2048w, http:\/\/hof-haurup.de\/wp-content\/uploads\/2022\/03\/IMG-20220320-WA0186-300x200.jpg 300w, http:\/\/hof-haurup.de\/wp-content\/uploads\/2022\/03\/IMG-20220320-WA0186-1024x684.jpg 1024w, http:\/\/hof-haurup.de\/wp-content\/uploads\/2022\/03\/IMG-20220320-WA0186-768x513.jpg 768w, http:\/\/hof-haurup.de\/wp-content\/uploads\/2022\/03\/IMG-20220320-WA0186-1536x1026.jpg 1536w, http:\/\/hof-haurup.de\/wp-content\/uploads\/2022\/03\/IMG-20220320-WA0186-1200x802.jpg 1200w, http:\/\/hof-haurup.de\/wp-content\/uploads\/2022\/03\/IMG-20220320-WA0186-299x200.jpg 299w, http:\/\/hof-haurup.de\/wp-content\/uploads\/2022\/03\/IMG-20220320-WA0186-636x425.jpg 636w\" sizes=\"(max-width: 2048px) 100vw, 2048px\" \/><figcaption class=\"wp-element-caption\">Mila mit Ihrer Stute Fiene<\/figcaption><\/figure>\n\n\n\n<figure class=\"wp-block-image size-large\"><img loading=\"lazy\" decoding=\"async\" width=\"1080\" height=\"1458\" data-id=\"276\" src=\"http:\/\/hof-haurup.de\/wp-content\/uploads\/2019\/01\/hv.jpg\" alt=\"\" class=\"wp-image-276\" srcset=\"http:\/\/hof-haurup.de\/wp-content\/uploads\/2019\/01\/hv.jpg 1080w, http:\/\/hof-haurup.de\/wp-content\/uploads\/2019\/01\/hv-222x300.jpg 222w, http:\/\/hof-haurup.de\/wp-content\/uploads\/2019\/01\/hv-768x1037.jpg 768w, http:\/\/hof-haurup.de\/wp-content\/uploads\/2019\/01\/hv-759x1024.jpg 759w, http:\/\/hof-haurup.de\/wp-content\/uploads\/2019\/01\/hv-148x200.jpg 148w, http:\/\/hof-haurup.de\/wp-content\/uploads\/2019\/01\/hv-315x425.jpg 315w\" sizes=\"(max-width: 1080px) 100vw, 1080px\" \/><figcaption class=\"wp-element-caption\">Melli mit Ihrem Wallach Frits<\/figcaption><\/figure>\n\n\n\n<figure class=\"wp-block-image size-large\"><img loading=\"lazy\" decoding=\"async\" width=\"6000\" height=\"4000\" data-id=\"379\" src=\"http:\/\/hof-haurup.de\/wp-content\/uploads\/2019\/01\/DSC_0246.jpg\" alt=\"\" class=\"wp-image-379\" srcset=\"http:\/\/hof-haurup.de\/wp-content\/uploads\/2019\/01\/DSC_0246.jpg 6000w, http:\/\/hof-haurup.de\/wp-content\/uploads\/2019\/01\/DSC_0246-300x200.jpg 300w, http:\/\/hof-haurup.de\/wp-content\/uploads\/2019\/01\/DSC_0246-768x512.jpg 768w, http:\/\/hof-haurup.de\/wp-content\/uploads\/2019\/01\/DSC_0246-1024x683.jpg 1024w, http:\/\/hof-haurup.de\/wp-content\/uploads\/2019\/01\/DSC_0246-1200x800.jpg 1200w, http:\/\/hof-haurup.de\/wp-content\/uploads\/2019\/01\/DSC_0246-638x425.jpg 638w\" sizes=\"(max-width: 6000px) 100vw, 6000px\" \/><figcaption class=\"wp-element-caption\">Steffen &amp; Fen unsere Baumeister<\/figcaption><\/figure>\n\n\n\n<figure class=\"wp-block-image size-large\"><img loading=\"lazy\" decoding=\"async\" width=\"1280\" height=\"855\" data-id=\"560\" src=\"http:\/\/hof-haurup.de\/wp-content\/uploads\/2022\/03\/IMG-20220320-WA0169.jpg\" alt=\"\" class=\"wp-image-560\" srcset=\"http:\/\/hof-haurup.de\/wp-content\/uploads\/2022\/03\/IMG-20220320-WA0169.jpg 1280w, http:\/\/hof-haurup.de\/wp-content\/uploads\/2022\/03\/IMG-20220320-WA0169-300x200.jpg 300w, http:\/\/hof-haurup.de\/wp-content\/uploads\/2022\/03\/IMG-20220320-WA0169-1024x684.jpg 1024w, http:\/\/hof-haurup.de\/wp-content\/uploads\/2022\/03\/IMG-20220320-WA0169-768x513.jpg 768w, http:\/\/hof-haurup.de\/wp-content\/uploads\/2022\/03\/IMG-20220320-WA0169-1200x802.jpg 1200w, http:\/\/hof-haurup.de\/wp-content\/uploads\/2022\/03\/IMG-20220320-WA0169-299x200.jpg 299w, http:\/\/hof-haurup.de\/wp-content\/uploads\/2022\/03\/IMG-20220320-WA0169-636x425.jpg 636w\" sizes=\"(max-width: 1280px) 100vw, 1280px\" \/><figcaption class=\"wp-element-caption\">Nadine mit Ihrer Stute Leona<\/figcaption><\/figure>\n<\/figure>\n\n\n\n<figure class=\"wp-block-gallery has-nested-images columns-default is-cropped wp-block-gallery-2 is-layout-flex wp-block-gallery-is-layout-flex\"><\/figure>\n\n\n\n<figure class=\"wp-block-gallery has-nested-images columns-default is-cropped wp-block-gallery-3 is-layout-flex wp-block-gallery-is-layout-flex\"><\/figure>\n","protected":false},"excerpt":{"rendered":"<p>Bei uns leben Ponys und Pferde. Sie leben im nat\u00fcrlichen Herdenverband und d\u00fcrfen auf den Koppeln einfach nach Lust und Laune toben. 5 Offenst\u00e4lle sorgen f\u00fcr einen tiergerechten Unterstand. F\u00fcr \u00e4ltere Tiere gibt es nat\u00fcrlich &hellip; <a href=\"http:\/\/hof-haurup.de\/?page_id=17\" class=\"more-link\"><span class=\"screen-reader-text\">Unsere Stallgemeinschaft<\/span> weiterlesen <span class=\"meta-nav\">&rarr;<\/span><\/a><\/p>\n","protected":false},"author":1,"featured_media":241,"parent":15,"menu_order":0,"comment_status":"closed","ping_status":"closed","template":"page-templates\/template-left-sidebar.php","meta":{"footnotes":""},"_links":{"self":[{"href":"http:\/\/hof-haurup.de\/index.php?rest_route=\/wp\/v2\/pages\/17"}],"collection":[{"href":"http:\/\/hof-haurup.de\/index.php?rest_route=\/wp\/v2\/pages"}],"about":[{"href":"http:\/\/hof-haurup.de\/index.php?rest_route=\/wp\/v2\/types\/page"}],"author":[{"embeddable":true,"href":"http:\/\/hof-haurup.de\/index.php?rest_route=\/wp\/v2\/users\/1"}],"replies":[{"embeddable":true,"href":"http:\/\/hof-haurup.de\/index.php?rest_route=%2Fwp%2Fv2%2Fcomments&post=17"}],"version-history":[{"count":37,"href":"http:\/\/hof-haurup.de\/index.php?rest_route=\/wp\/v2\/pages\/17\/revisions"}],"predecessor-version":[{"id":620,"href":"http:\/\/hof-haurup.de\/index.php?rest_route=\/wp\/v2\/pages\/17\/revisions\/620"}],"up":[{"embeddable":true,"href":"http:\/\/hof-haurup.de\/index.php?rest_route=\/wp\/v2\/pages\/15"}],"wp:featuredmedia":[{"embeddable":true,"href":"http:\/\/hof-haurup.de\/index.php?rest_route=\/wp\/v2\/media\/241"}],"wp:attachment":[{"href":"http:\/\/hof-haurup.de\/index.php?rest_route=%2Fwp%2Fv2%2Fmedia&parent=17"}],"curies":[{"name":"wp","href":"https:\/\/api.w.org\/{rel}","templated":true}]}}